{"id":2,"date":"2016-05-10T03:48:21","date_gmt":"2016-05-10T03:48:21","guid":{"rendered":"http:\/\/radetzky-vertikal.de\/?page_id=2"},"modified":"2021-05-04T11:36:31","modified_gmt":"2021-05-04T11:36:31","slug":"sample-page","status":"publish","type":"page","link":"http:\/\/radetzky-vertikal.de\/","title":{"rendered":"Startseite"},"content":{"rendered":"\n<h2 class=\"wp-block-heading\">Willkommen in der Welt der Aufz\u00fcge<\/h2>\n\n\n\n<p>Seit mehr als 20 Jahren begleiten mich die Aufz\u00fcge in meinem Leben, aus diesem Grund habe ich mich 2016 entschlossen mich als Fachplanerin f\u00fcr Aufz\u00fcge selbstst\u00e4ndig zu machen.<\/p>\n\n\n\n<p>Sie sind nun auf meiner Internetseite gelandet, weil Sie sicher einen fachkundigen Ansprechpartner f\u00fcr Ihre Aufz\u00fcge suchen.<\/p>\n\n\n\n<p>Auch wenn Sie jetzt denken Erfurt ist ganz sch\u00f6n weit weg, aber ich bin eine leidenschaftliche Autofahrerin und habe daher auch kein Problem mit Projekten in Berlin, Hamburg, K\u00f6ln oder anderswo in Deutschland.<\/p>\n\n\n\n<p>Also scheuen Sie sich nicht und schreiben Sie eine Mail oder rufen mich an.<\/p>\n","protected":false},"excerpt":{"rendered":"<p>Willkommen in der Welt der Aufz\u00fcge Seit mehr als 20 Jahren begleiten mich die Aufz\u00fcge in meinem Leben, aus diesem Grund habe ich mich 2016 entschlossen mich als Fachplanerin f\u00fcr Aufz\u00fcge selbstst\u00e4ndig zu machen. Sie sind nun auf meiner Internetseite gelandet, weil Sie sicher einen fachkundigen Ansprechpartner f\u00fcr Ihre Aufz\u00fcge suchen. Auch wenn Sie jetzt &hellip; <a href=\"http:\/\/radetzky-vertikal.de\/\" class=\"more-link\"><span class=\"screen-reader-text\">\u201eStartseite\u201c<\/span> weiterlesen<\/a><\/p>\n","protected":false},"author":1,"featured_media":0,"parent":0,"menu_order":0,"comment_status":"closed","ping_status":"closed","template":"","meta":{"footnotes":""},"_links":{"self":[{"href":"http:\/\/radetzky-vertikal.de\/index.php?rest_route=\/wp\/v2\/pages\/2"}],"collection":[{"href":"http:\/\/radetzky-vertikal.de\/index.php?rest_route=\/wp\/v2\/pages"}],"about":[{"href":"http:\/\/radetzky-vertikal.de\/index.php?rest_route=\/wp\/v2\/types\/page"}],"author":[{"embeddable":true,"href":"http:\/\/radetzky-vertikal.de\/index.php?rest_route=\/wp\/v2\/users\/1"}],"replies":[{"embeddable":true,"href":"http:\/\/radetzky-vertikal.de\/index.php?rest_route=%2Fwp%2Fv2%2Fcomments&post=2"}],"version-history":[{"count":5,"href":"http:\/\/radetzky-vertikal.de\/index.php?rest_route=\/wp\/v2\/pages\/2\/revisions"}],"predecessor-version":[{"id":61,"href":"http:\/\/radetzky-vertikal.de\/index.php?rest_route=\/wp\/v2\/pages\/2\/revisions\/61"}],"wp:attachment":[{"href":"http:\/\/radetzky-vertikal.de\/index.php?rest_route=%2Fwp%2Fv2%2Fmedia&parent=2"}],"curies":[{"name":"wp","href":"https:\/\/api.w.org\/{rel}","templated":true}]}}